{"id":10888,"date":"2025-04-07T12:35:40","date_gmt":"2025-04-07T12:35:40","guid":{"rendered":"https:\/\/ewt-shipping.com\/?page_id=10888"},"modified":"2025-08-25T06:22:45","modified_gmt":"2025-08-25T06:22:45","slug":"downloads","status":"publish","type":"page","link":"https:\/\/ewt-shipping.com\/en\/downloads\/","title":{"rendered":"Downloads"},"content":{"rendered":"<h1>Downloads<\/h1>\n<h2>Downloads &#8211; Information and certificates<\/h2>\n<hr>\n<div>\n<h4>Basics of our loading and transportation conditions<\/h4>\n<ul>\n<li><a href=\"\/wp-content\/uploads\/2018\/10\/IVTB-Fassung-2010.pdf\" target=\"\">IVTB Fassung 2010<\/a> (IVTB)<\/li>\n<li><a href=\"\/wp-content\/uploads\/2018\/10\/ICLTIVTB-english-2010-2013.pdf\" target=\"\">ICLT(IVTB) English 2010 (2013)<\/a> (ICLT\/IVTB)<\/li>\n<li><a href=\"\/wp-content\/uploads\/2018\/10\/DSLV_ADSp_2017_dt_v2_Mai-2017.pdf\">Allgemeine Deutsche Spediteurbedingungen<\/a> (ADSp 2017)<\/li>\n<li><a href=\"\/wp-content\/uploads\/2018\/10\/DSLV_ADSp_2017_EN_v11_Mai-2017.pdf\">German Freight Forwarders&#8217; Standart Terms and Conditions<\/a> (ADSp 2017)<\/li>\n<li><a href=\"\/wp-content\/uploads\/2018\/03\/cmni-dt.pdf\" data-wplink-url-error=\"true\">Budapester \u00dcbereinkommen \u00fcber den Vertrag \u00fcber die G\u00fcterbef\u00f6rderung\u00a0in der Binnenschifffahrt<\/a>\u00a0(CMNI)<\/li>\n<li><a href=\"\/wp-content\/uploads\/2018\/03\/cmni-eng.pdf\" data-wplink-url-error=\"true\">Budapest Convention on the Contract for the Carriage of Goods by Inland Waterway<\/a>\u00a0(CMNI)<\/li>\n<li><a href=\"\/wp-content\/uploads\/2018\/03\/cmr-dt.pdf\" data-wplink-url-error=\"true\">\u00dcbereinkommen \u00fcber den Bef\u00f6rderungsvertrag im\u00a0internationalen Stra\u00dfeng\u00fcterverkehr<\/a>\u00a0(CMR)<\/li>\n<li><a href=\"\/wp-content\/uploads\/2018\/03\/cmr-eng.pdf\" data-wplink-url-error=\"true\">Convention on the Contract for the\u00a0International Carriage of Goods by Road<\/a> (CMR)<\/li>\n<li><a href=\"\/wp-content\/uploads\/2018\/03\/gesetz-uebereinkommen-1989-dt.pdf\" data-wplink-url-error=\"true\">Gesetz zu dem \u00dcbereinkommen der Vereinten\u00a0Nationen vom 11. April 1980 \u00fcber Vertr\u00e4ge\u00a0\u00fcber den internationalen Warenkauf sowie zur\u00a0\u00c4nderung des Gesetzes zu dem \u00dcbereinkommen\u00a0vom 19. Mai 1956 \u00fcber den Bef\u00f6rderungsvertrag\u00a0im internationalen Stra\u00dfeng\u00fcterverkehr<\/a>\u00a0(CMR)<\/li>\n<li><a href=\"\/wp-content\/uploads\/2018\/03\/holl._ges_2011.pdf\" data-wplink-url-error=\"true\">Lade- und L\u00f6schzeitenbeschluss Niederlande<\/a><\/li>\n<li><a href=\"\/wp-content\/uploads\/2018\/03\/belg._ges_2011.pdf\" data-wplink-url-error=\"true\">Lade- und L\u00f6schzeitenverordnung Belgien<\/a><\/li>\n<li><a href=\"\/wp-content\/uploads\/2019\/02\/Liegegelds\u00e4tze-Belgisches-Gesetz-2019-1.pdf\" target=\"\">Liegegelds\u00e4tze Belgisches Gesetz 2019<\/a><\/li>\n<li><a href=\"\/wp-content\/uploads\/2020\/12\/TTB_2010_en.pdf\">Tank-barge terms and conditions of transport 2010<\/a><\/li>\n<\/ul>\n<h4>Quality management (QM)<\/h4>\n<ul>\n<li>ISO 9001:2015 Certificate \u2013 valid until 24.08.2025<\/li>\n<li><a href=\"https:\/\/ewt-shipping.com\/wp-content\/uploads\/2025\/04\/2025_Zertifikat_GMP_EWT_en.pdf\" target=\"_blank\" rel=\"noopener\">GMP+ FSA Certificate<\/a> \u2013 valid until 19.02.2028<\/li>\n<li><a href=\"\/wp-content\/uploads\/2023\/12\/2303_ISO_14001_Certificate_en.pdf\">ISO 14001:2015 Certificate<\/a> \u2013 valid until 30.03.2026<\/li>\n<\/ul>\n<\/div>\n<p><!--more--><br \/>\n<!-- {\"type\":\"layout\",\"children\":[{\"type\":\"section\",\"props\":{\"class\":\"headersection\",\"divider_height\":\"120\",\"divider_layers_gap\":\"5\",\"divider_layers_opacity\":\"0.5\",\"divider_position\":\"top\",\"divider_responsive\":true,\"divider_shadow_blur_radius\":\"5\",\"divider_shadow_color\":\"#00000080\",\"divider_shadow_offset_x\":\"0\",\"divider_shadow_offset_y\":\"5\",\"divider_width\":\"100\",\"image\":\"wp-content\\\/uploads\\\/2018\\\/03\\\/kuesten.jpg\",\"image_effect\":\"parallax\",\"image_parallax_bgx\":\"350 1%,250\",\"image_position\":\"center-center\",\"image_size\":\"cover\",\"media_focal_point\":\"center-left\",\"media_overlay_gradient\":\"background: rgb(18,92,145); background: linear-gradient(143deg, rgba(18,92,145,1) 60%, rgba(255,255,255,0) 60%);\",\"padding_custom_bottom\":\"70\",\"padding_custom_top\":\"70\",\"style\":\"primary\",\"style_custom_color\":\"#ccc\",\"title_breakpoint\":\"xl\",\"title_position\":\"top-left\",\"title_rotation\":\"left\",\"vertical_align\":\"middle\",\"width\":\"default\"},\"children\":[{\"type\":\"row\",\"children\":[{\"type\":\"column\",\"props\":{\"image_position\":\"center-center\",\"position_sticky_breakpoint\":\"m\",\"width_medium\":\"1-2\",\"width_small\":\"1-2\"},\"children\":[{\"type\":\"headline\",\"props\":{\"content\":\"Downloads\",\"margin_remove_top\":true,\"title_element\":\"h1\"},\"name\":\"H1 - Haupt\\u00fcberschrift\"},{\"type\":\"breadcrumbs\",\"props\":{\"show_current\":true,\"show_home\":true}}]},{\"type\":\"column\",\"props\":{\"image_position\":\"center-center\",\"position_sticky_breakpoint\":\"m\",\"width_medium\":\"1-2\",\"width_small\":\"1-2\"}}],\"props\":{\"layout\":\"1-2,1-2\"}}],\"name\":\".headersection\"},{\"type\":\"section\",\"props\":{\"class\":\"contentsection\",\"divider_height\":\"120\",\"divider_layers_gap\":\"5\",\"divider_layers_opacity\":\"0.5\",\"divider_position\":\"top\",\"divider_responsive\":true,\"divider_shadow_blur_radius\":\"5\",\"divider_shadow_color\":\"#00000080\",\"divider_shadow_offset_x\":\"0\",\"divider_shadow_offset_y\":\"5\",\"divider_width\":\"100\",\"image_position\":\"center-center\",\"padding_custom_bottom\":\"70\",\"padding_custom_top\":\"70\",\"style\":\"default\",\"style_custom_color\":\"#ccc\",\"title_breakpoint\":\"xl\",\"title_position\":\"top-left\",\"title_rotation\":\"left\",\"vertical_align\":\"middle\",\"width\":\"default\"},\"children\":[{\"type\":\"row\",\"children\":[{\"type\":\"column\",\"props\":{\"image_position\":\"center-center\",\"position_sticky_breakpoint\":\"m\"},\"children\":[{\"type\":\"headline\",\"props\":{\"content\":\"Downloads - Information and certificates\",\"title_color\":\"primary\",\"title_element\":\"h2\"},\"name\":\"H2 Headline\"},{\"type\":\"divider\",\"props\":{\"divider_element\":\"hr\",\"divider_style\":\"small\"},\"name\":\"Trennstrich\"}]}]},{\"type\":\"row\",\"props\":{\"divider\":true},\"children\":[{\"type\":\"column\",\"props\":{\"image_position\":\"center-center\",\"position_sticky_breakpoint\":\"m\"},\"children\":[{\"type\":\"text\",\"props\":{\"column_breakpoint\":\"m\",\"content\":\"\n\n<h4>Basics of our loading and transportation conditions<\\\/h4>\\n\n\n<ul>\\n\n\n<li><a href=\\\"\\\/wp-content\\\/uploads\\\/2018\\\/10\\\/IVTB-Fassung-2010.pdf\\\" target=\\\"\\\">IVTB Fassung 2010<\\\/a> (IVTB)<\\\/li>\\n\n\n<li><a href=\\\"\\\/wp-content\\\/uploads\\\/2018\\\/10\\\/ICLTIVTB-english-2010-2013.pdf\\\" target=\\\"\\\">ICLT(IVTB) English 2010 (2013)<\\\/a> (ICLT\\\/IVTB)<\\\/li>\\n\n\n<li><a href=\\\"\\\/wp-content\\\/uploads\\\/2018\\\/10\\\/DSLV_ADSp_2017_dt_v2_Mai-2017.pdf\\\">Allgemeine Deutsche Spediteurbedingungen<\\\/a> (ADSp 2017)<\\\/li>\\n\n\n<li><a href=\\\"\\\/wp-content\\\/uploads\\\/2018\\\/10\\\/DSLV_ADSp_2017_EN_v11_Mai-2017.pdf\\\">German Freight Forwarders' Standart Terms and Conditions<\\\/a> (ADSp 2017)<\\\/li>\\n\n\n<li><a href=\\\"\\\/wp-content\\\/uploads\\\/2018\\\/03\\\/cmni-dt.pdf\\\" data-wplink-url-error=\\\"true\\\">Budapester \\u00dcbereinkommen \\u00fcber den Vertrag \\u00fcber die G\\u00fcterbef\\u00f6rderung\\u00a0in der Binnenschifffahrt<\\\/a>\\u00a0(CMNI)<\\\/li>\\n\n\n<li><a href=\\\"\\\/wp-content\\\/uploads\\\/2018\\\/03\\\/cmni-eng.pdf\\\" data-wplink-url-error=\\\"true\\\">Budapest Convention on the Contract for the Carriage of Goods by Inland Waterway<\\\/a>\\u00a0(CMNI)<\\\/li>\\n\n\n<li><a href=\\\"\\\/wp-content\\\/uploads\\\/2018\\\/03\\\/cmr-dt.pdf\\\" data-wplink-url-error=\\\"true\\\">\\u00dcbereinkommen \\u00fcber den Bef\\u00f6rderungsvertrag im\\u00a0internationalen Stra\\u00dfeng\\u00fcterverkehr<\\\/a>\\u00a0(CMR)<\\\/li>\\n\n\n<li><a href=\\\"\\\/wp-content\\\/uploads\\\/2018\\\/03\\\/cmr-eng.pdf\\\" data-wplink-url-error=\\\"true\\\">Convention on the Contract for the\\u00a0International Carriage of Goods by Road<\\\/a> (CMR)<\\\/li>\\n\n\n<li><a href=\\\"\\\/wp-content\\\/uploads\\\/2018\\\/03\\\/gesetz-uebereinkommen-1989-dt.pdf\\\" data-wplink-url-error=\\\"true\\\">Gesetz zu dem \\u00dcbereinkommen der Vereinten\\u00a0Nationen vom 11. April 1980 \\u00fcber Vertr\\u00e4ge\\u00a0\\u00fcber den internationalen Warenkauf sowie zur\\u00a0\\u00c4nderung des Gesetzes zu dem \\u00dcbereinkommen\\u00a0vom 19. Mai 1956 \\u00fcber den Bef\\u00f6rderungsvertrag\\u00a0im internationalen Stra\\u00dfeng\\u00fcterverkehr<\\\/a>\\u00a0(CMR)<\\\/li>\\n\n\n<li><a href=\\\"\\\/wp-content\\\/uploads\\\/2018\\\/03\\\/holl._ges_2011.pdf\\\" data-wplink-url-error=\\\"true\\\">Lade- und L\\u00f6schzeitenbeschluss Niederlande<\\\/a><\\\/li>\\n\n\n<li><a href=\\\"\\\/wp-content\\\/uploads\\\/2018\\\/03\\\/belg._ges_2011.pdf\\\" data-wplink-url-error=\\\"true\\\">Lade- und L\\u00f6schzeitenverordnung Belgien<\\\/a><\\\/li>\\n\n\n<li><a href=\\\"\\\/wp-content\\\/uploads\\\/2019\\\/02\\\/Liegegelds\\u00e4tze-Belgisches-Gesetz-2019-1.pdf\\\" target=\\\"\\\">Liegegelds\\u00e4tze Belgisches Gesetz 2019<\\\/a><\\\/li>\\n\n\n<li><a href=\\\"\\\/wp-content\\\/uploads\\\/2020\\\/12\\\/TTB_2010_en.pdf\\\">Tank-barge terms and conditions of transport 2010<\\\/a><\\\/li>\\n<\\\/ul>\\n\n\n<h4>Quality management (QM)<\\\/h4>\\n\n\n<ul>\\n\n\n<li>ISO 9001:2015 Certificate \\u2013 valid until 24.08.2025<\\\/li>\\n\n\n<li><a href=\\\"https:\\\/\\\/ewt-shipping.com\\\/wp-content\\\/uploads\\\/2025\\\/04\\\/2025_Zertifikat_GMP_EWT_en.pdf\\\" target=\\\"_blank\\\" rel=\\\"noopener\\\">GMP+ FSA Certificate<\\\/a> \\u2013 valid until 19.02.2028<\\\/li>\\n\n\n<li><a href=\\\"\\\/wp-content\\\/uploads\\\/2023\\\/12\\\/2303_ISO_14001_Certificate_en.pdf\\\">ISO 14001:2015 Certificate<\\\/a> \\u2013 valid until 30.03.2026<\\\/li>\\n<\\\/ul>\\n\n\n<p><\\\/p>\",\"margin\":\"default\"}}]}]}],\"name\":\"Inhalt (.contentsection)\"}],\"version\":\"4.5.24\",\"yooessentialsVersion\":\"2.4.4\"} --><\/p>\n","protected":false},"excerpt":{"rendered":"<p>Downloads Downloads &#8211; Information and certificates Basics of our loading and transportation conditions IVTB Fassung 2010 (IVTB) ICLT(IVTB) English 2010 (2013) (ICLT\/IVTB) Allgemeine Deutsche Spediteurbedingungen (ADSp 2017) German Freight Forwarders&#8217; Standart Terms and Conditions (ADSp 2017) Budapester \u00dcbereinkommen \u00fcber den Vertrag \u00fcber die G\u00fcterbef\u00f6rderung\u00a0in der Binnenschifffahrt\u00a0(CMNI) Budapest Convention on the Contract for the Carriage of [&hellip;]<\/p>\n","protected":false},"author":1,"featured_media":0,"parent":0,"menu_order":34,"comment_status":"closed","ping_status":"closed","template":"","meta":{"_acf_changed":false,"footnotes":""},"class_list":["post-10888","page","type-page","status-publish","hentry"],"acf":[],"_links":{"self":[{"href":"https:\/\/ewt-shipping.com\/en\/wp-json\/wp\/v2\/pages\/10888","targetHints":{"allow":["GET"]}}],"collection":[{"href":"https:\/\/ewt-shipping.com\/en\/wp-json\/wp\/v2\/pages"}],"about":[{"href":"https:\/\/ewt-shipping.com\/en\/wp-json\/wp\/v2\/types\/page"}],"author":[{"embeddable":true,"href":"https:\/\/ewt-shipping.com\/en\/wp-json\/wp\/v2\/users\/1"}],"replies":[{"embeddable":true,"href":"https:\/\/ewt-shipping.com\/en\/wp-json\/wp\/v2\/comments?post=10888"}],"version-history":[{"count":6,"href":"https:\/\/ewt-shipping.com\/en\/wp-json\/wp\/v2\/pages\/10888\/revisions"}],"predecessor-version":[{"id":11320,"href":"https:\/\/ewt-shipping.com\/en\/wp-json\/wp\/v2\/pages\/10888\/revisions\/11320"}],"wp:attachment":[{"href":"https:\/\/ewt-shipping.com\/en\/wp-json\/wp\/v2\/media?parent=10888"}],"curies":[{"name":"wp","href":"https:\/\/api.w.org\/{rel}","templated":true}]}}